{"id":15,"date":"2025-12-16T02:06:33","date_gmt":"2025-12-16T02:06:33","guid":{"rendered":"http:\/\/asgvn.123websitedev.com\/?page_id=15"},"modified":"2026-01-06T21:52:53","modified_gmt":"2026-01-07T04:52:53","slug":"ve-chung-toi","status":"publish","type":"page","link":"https:\/\/asgvn.com.vn\/en\/ve-chung-toi\/","title":{"rendered":"About us"},"content":{"rendered":"<div data-elementor-type=\"wp-page\" data-elementor-id=\"15\" class=\"elementor elementor-15\" data-elementor-post-type=\"page\">\n\t\t\t\t<div class=\"elementor-element elementor-element-9b038cf e-flex e-con-boxed e-con e-parent\" data-id=\"9b038cf\" data-element_type=\"container\" data-settings=\"{&quot;background_background&quot;:&quot;classic&quot;}\">\n\t\t\t\t\t<div class=\"e-con-inner\">\n\t\t\t\t\t<\/div>\n\t\t\t\t<\/div>\n\t\t<div class=\"elementor-element elementor-element-6a70e26 e-flex e-con-boxed e-con e-parent\" data-id=\"6a70e26\" data-element_type=\"container\" data-settings=\"{&quot;background_background&quot;:&quot;classic&quot;}\">\n\t\t\t\t\t<div class=\"e-con-inner\">\n\t\t<div class=\"elementor-element elementor-element-086ae04 e-con-full e-flex e-con e-child\" data-id=\"086ae04\" data-element_type=\"container\">\n\t\t\t\t<div class=\"elementor-element elementor-element-6e66872 animated-fast elementor-invisible elementor-widget elementor-widget-heading\" data-id=\"6e66872\" data-element_type=\"widget\" data-settings=\"{&quot;_animation&quot;:&quot;fadeInRight&quot;,&quot;_animation_delay&quot;:100}\" data-widget_type=\"heading.default\">\n\t\t\t\t\t<h2 class=\"elementor-heading-title elementor-size-default\">ASG Investments<\/h2>\t\t\t\t<\/div>\n\t\t<div class=\"elementor-element elementor-element-536af53 e-con-full e-flex e-con e-child\" data-id=\"536af53\" data-element_type=\"container\">\n\t\t\t\t<div class=\"elementor-element elementor-element-3fe1e03 animated-fast elementor-invisible elementor-widget elementor-widget-text-editor\" data-id=\"3fe1e03\" data-element_type=\"widget\" data-settings=\"{&quot;_animation&quot;:&quot;fadeInRight&quot;,&quot;_animation_delay&quot;:150}\" data-widget_type=\"text-editor.default\">\n\t\t\t\t\t\t\t\t\t<p>We are an investment company with a mission to identify, develop, and partner with outstanding opportunities in three areas: commercial real estate, financial investments, and technology.<\/p>\t\t\t\t\t\t\t\t<\/div>\n\t\t\t\t<div class=\"elementor-element elementor-element-4acadd9 animated-fast elementor-invisible elementor-widget elementor-widget-text-editor\" data-id=\"4acadd9\" data-element_type=\"widget\" data-settings=\"{&quot;_animation&quot;:&quot;fadeInRight&quot;,&quot;_animation_delay&quot;:150}\" data-widget_type=\"text-editor.default\">\n\t\t\t\t\t\t\t\t\t<p>Based on our deep understanding of the Vietnamese market, coupled with our strategic network and in-depth analytical capabilities, we focus on businesses and assets with strong foundations, exceptional growth potential, and the ability to make a positive contribution to the robust development of the Vietnamese economy.<\/p>\t\t\t\t\t\t\t\t<\/div>\n\t\t\t\t<div class=\"elementor-element elementor-element-c8442f4 animated-fast elementor-invisible elementor-widget elementor-widget-text-editor\" data-id=\"c8442f4\" data-element_type=\"widget\" data-settings=\"{&quot;_animation&quot;:&quot;fadeInRight&quot;,&quot;_animation_delay&quot;:150}\" data-widget_type=\"text-editor.default\">\n\t\t\t\t\t\t\t\t\t<p>We pursue a long-term investment strategy, selecting projects and businesses with clear competitive advantages, professional management, and outstanding leadership teams. With a cautious yet decisive approach, we aim to create sustainable value while supporting the development of key economic sectors.<\/p>\t\t\t\t\t\t\t\t<\/div>\n\t\t\t\t<\/div>\n\t\t\t\t<\/div>\n\t\t<div class=\"elementor-element elementor-element-a32d7f8 e-con-full e-flex e-con e-child\" data-id=\"a32d7f8\" data-element_type=\"container\">\n\t\t<div class=\"elementor-element elementor-element-9cdc504 e-con-full e-flex e-con e-child\" data-id=\"9cdc504\" data-element_type=\"container\">\n\t\t\t\t<div class=\"elementor-element elementor-element-199b83c elementor-invisible elementor-widget elementor-widget-image\" data-id=\"199b83c\" data-element_type=\"widget\" data-settings=\"{&quot;_animation&quot;:&quot;fadeInDown&quot;,&quot;_animation_delay&quot;:400}\" data-widget_type=\"image.default\">\n\t\t\t\t\t\t\t\t\t\t\t\t\t\t\t<img fetchpriority=\"high\" decoding=\"async\" width=\"680\" height=\"1024\" src=\"https:\/\/asgvn.com.vn\/wp-content\/uploads\/2025\/12\/VN-Building-1-680x1024.jpeg\" class=\"attachment-large size-large wp-image-190\" alt=\"\" srcset=\"https:\/\/asgvn.com.vn\/wp-content\/uploads\/2025\/12\/VN-Building-1-680x1024.jpeg 680w, https:\/\/asgvn.com.vn\/wp-content\/uploads\/2025\/12\/VN-Building-1-199x300.jpeg 199w, https:\/\/asgvn.com.vn\/wp-content\/uploads\/2025\/12\/VN-Building-1-768x1157.jpeg 768w, https:\/\/asgvn.com.vn\/wp-content\/uploads\/2025\/12\/VN-Building-1-1020x1536.jpeg 1020w, https:\/\/asgvn.com.vn\/wp-content\/uploads\/2025\/12\/VN-Building-1.jpeg 1275w\" sizes=\"(max-width: 680px) 100vw, 680px\" \/>\t\t\t\t\t\t\t\t\t\t\t\t\t\t\t<\/div>\n\t\t\t\t<\/div>\n\t\t<div class=\"elementor-element elementor-element-ccded78 e-con-full e-flex e-con e-child\" data-id=\"ccded78\" data-element_type=\"container\">\n\t\t\t\t<div class=\"elementor-element elementor-element-df789c9 elementor-invisible elementor-widget elementor-widget-image\" data-id=\"df789c9\" data-element_type=\"widget\" data-settings=\"{&quot;_animation&quot;:&quot;fadeInUp&quot;,&quot;_animation_delay&quot;:600}\" data-widget_type=\"image.default\">\n\t\t\t\t\t\t\t\t\t\t\t\t\t\t\t<img decoding=\"async\" width=\"576\" height=\"1024\" src=\"https:\/\/asgvn.com.vn\/wp-content\/uploads\/2025\/12\/VN-Building-2-576x1024.jpeg\" class=\"attachment-large size-large wp-image-191\" alt=\"\" srcset=\"https:\/\/asgvn.com.vn\/wp-content\/uploads\/2025\/12\/VN-Building-2-576x1024.jpeg 576w, https:\/\/asgvn.com.vn\/wp-content\/uploads\/2025\/12\/VN-Building-2-169x300.jpeg 169w, https:\/\/asgvn.com.vn\/wp-content\/uploads\/2025\/12\/VN-Building-2-768x1365.jpeg 768w, https:\/\/asgvn.com.vn\/wp-content\/uploads\/2025\/12\/VN-Building-2-864x1536.jpeg 864w, https:\/\/asgvn.com.vn\/wp-content\/uploads\/2025\/12\/VN-Building-2.jpeg 1080w\" sizes=\"(max-width: 576px) 100vw, 576px\" \/>\t\t\t\t\t\t\t\t\t\t\t\t\t\t\t<\/div>\n\t\t\t\t<\/div>\n\t\t<div class=\"elementor-element elementor-element-692f2e1 e-con-full e-flex elementor-invisible e-con e-child\" data-id=\"692f2e1\" data-element_type=\"container\" data-settings=\"{&quot;background_background&quot;:&quot;classic&quot;,&quot;position&quot;:&quot;absolute&quot;,&quot;animation&quot;:&quot;fadeInRight&quot;,&quot;animation_delay&quot;:800}\">\n\t\t\t\t<div class=\"elementor-element elementor-element-f522d9e elementor-widget elementor-widget-text-editor\" data-id=\"f522d9e\" data-element_type=\"widget\" data-widget_type=\"text-editor.default\">\n\t\t\t\t\t\t\t\t\t<p>&quot;With a long-term vision and high standards in governance, we aim to build a transparent, efficient, and sustainable organization that contributes to the dynamic development of the Vietnamese economy and delivers exceptional value to shareholders, partners, and the community.&quot;<\/p>\t\t\t\t\t\t\t\t<\/div>\n\t\t\t\t<\/div>\n\t\t\t\t<\/div>\n\t\t\t\t\t<\/div>\n\t\t\t\t<\/div>\n\t\t<div class=\"elementor-element elementor-element-de7db3d e-flex e-con-boxed e-con e-parent\" data-id=\"de7db3d\" data-element_type=\"container\" data-settings=\"{&quot;background_background&quot;:&quot;classic&quot;}\">\n\t\t\t\t\t<div class=\"e-con-inner\">\n\t\t\t\t<div class=\"elementor-element elementor-element-31b8cf8 elementor-invisible elementor-widget elementor-widget-heading\" data-id=\"31b8cf8\" data-element_type=\"widget\" data-settings=\"{&quot;_animation&quot;:&quot;fadeInUp&quot;,&quot;_animation_delay&quot;:100}\" data-widget_type=\"heading.default\">\n\t\t\t\t\t<h2 class=\"elementor-heading-title elementor-size-default\">Investment philosophy<\/h2>\t\t\t\t<\/div>\n\t\t<div class=\"elementor-element elementor-element-6694a3e e-con-full e-flex e-con e-child\" data-id=\"6694a3e\" data-element_type=\"container\">\n\t\t<div class=\"elementor-element elementor-element-1fec46f e-con-full e-flex e-con e-child\" data-id=\"1fec46f\" data-element_type=\"container\">\n\t\t\t\t<div class=\"elementor-element elementor-element-ad6f900 elementor-invisible elementor-widget elementor-widget-image\" data-id=\"ad6f900\" data-element_type=\"widget\" data-settings=\"{&quot;_animation&quot;:&quot;fadeInUp&quot;,&quot;_animation_delay&quot;:300}\" data-widget_type=\"image.default\">\n\t\t\t\t\t\t\t\t\t\t\t\t\t\t\t<img decoding=\"async\" width=\"963\" height=\"1024\" src=\"https:\/\/asgvn.com.vn\/wp-content\/uploads\/2025\/12\/AdobeStock_1339120525-963x1024.jpg\" class=\"attachment-large size-large wp-image-193\" alt=\"\" srcset=\"https:\/\/asgvn.com.vn\/wp-content\/uploads\/2025\/12\/AdobeStock_1339120525-963x1024.jpg 963w, https:\/\/asgvn.com.vn\/wp-content\/uploads\/2025\/12\/AdobeStock_1339120525-282x300.jpg 282w, https:\/\/asgvn.com.vn\/wp-content\/uploads\/2025\/12\/AdobeStock_1339120525-768x817.jpg 768w, https:\/\/asgvn.com.vn\/wp-content\/uploads\/2025\/12\/AdobeStock_1339120525-1444x1536.jpg 1444w, https:\/\/asgvn.com.vn\/wp-content\/uploads\/2025\/12\/AdobeStock_1339120525.jpg 1805w\" sizes=\"(max-width: 963px) 100vw, 963px\" \/>\t\t\t\t\t\t\t\t\t\t\t\t\t\t\t<\/div>\n\t\t\t\t<\/div>\n\t\t<div class=\"elementor-element elementor-element-398866f e-con-full e-flex e-con e-child\" data-id=\"398866f\" data-element_type=\"container\">\n\t\t<div class=\"elementor-element elementor-element-7619fcd e-con-full e-flex e-con e-child\" data-id=\"7619fcd\" data-element_type=\"container\">\n\t\t<div class=\"elementor-element elementor-element-ac371db e-con-full animated-fast e-flex elementor-invisible e-con e-child\" data-id=\"ac371db\" data-element_type=\"container\" data-settings=\"{&quot;animation&quot;:&quot;fadeInLeft&quot;,&quot;animation_mobile&quot;:&quot;fadeInRight&quot;,&quot;animation_delay&quot;:300}\">\n\t\t\t\t<div class=\"elementor-element elementor-element-1d972cd elementor-widget-divider--view-line elementor-widget elementor-widget-divider\" data-id=\"1d972cd\" data-element_type=\"widget\" data-widget_type=\"divider.default\">\n\t\t\t\t\t\t\t<div class=\"elementor-divider\">\n\t\t\t<span class=\"elementor-divider-separator\">\n\t\t\t\t\t\t<\/span>\n\t\t<\/div>\n\t\t\t\t\t\t<\/div>\n\t\t\t\t<div class=\"elementor-element elementor-element-5308b2e elementor-widget elementor-widget-heading\" data-id=\"5308b2e\" data-element_type=\"widget\" data-widget_type=\"heading.default\">\n\t\t\t\t\t<h3 class=\"elementor-heading-title elementor-size-default\">Long-term vision \u2013 <br>\nSustainable values<\/h3>\t\t\t\t<\/div>\n\t\t\t\t<div class=\"elementor-element elementor-element-0f54f56 elementor-widget elementor-widget-text-editor\" data-id=\"0f54f56\" data-element_type=\"widget\" data-widget_type=\"text-editor.default\">\n\t\t\t\t\t\t\t\t\t<p>We prioritize investment opportunities that deliver real value and long-term benefits, while approaching the market with caution and discipline in the face of short-term fluctuations.<\/p>\t\t\t\t\t\t\t\t<\/div>\n\t\t\t\t<\/div>\n\t\t<div class=\"elementor-element elementor-element-7c7711a e-con-full e-flex e-con e-child\" data-id=\"7c7711a\" data-element_type=\"container\">\n\t\t\t\t<div class=\"elementor-element elementor-element-e3f5cea elementor-widget__width-auto e-transform elementor-widget elementor-widget-heading\" data-id=\"e3f5cea\" data-element_type=\"widget\" data-settings=\"{&quot;_transform_rotateZ_effect&quot;:{&quot;unit&quot;:&quot;px&quot;,&quot;size&quot;:90,&quot;sizes&quot;:[]},&quot;_transform_rotateZ_effect_mobile&quot;:{&quot;unit&quot;:&quot;deg&quot;,&quot;size&quot;:0,&quot;sizes&quot;:[]},&quot;_transform_rotateZ_effect_tablet&quot;:{&quot;unit&quot;:&quot;deg&quot;,&quot;size&quot;:&quot;&quot;,&quot;sizes&quot;:[]}}\" data-widget_type=\"heading.default\">\n\t\t\t\t\t<div class=\"elementor-heading-title elementor-size-default\">01<\/div>\t\t\t\t<\/div>\n\t\t\t\t<\/div>\n\t\t\t\t<\/div>\n\t\t<div class=\"elementor-element elementor-element-2176d9c e-con-full e-flex e-con e-child\" data-id=\"2176d9c\" data-element_type=\"container\">\n\t\t<div class=\"elementor-element elementor-element-bde0988 e-con-full animated-fast e-flex elementor-invisible e-con e-child\" data-id=\"bde0988\" data-element_type=\"container\" data-settings=\"{&quot;animation&quot;:&quot;fadeInLeft&quot;,&quot;animation_mobile&quot;:&quot;fadeInRight&quot;,&quot;animation_delay&quot;:350}\">\n\t\t\t\t<div class=\"elementor-element elementor-element-f7939cd elementor-widget-divider--view-line elementor-widget elementor-widget-divider\" data-id=\"f7939cd\" data-element_type=\"widget\" data-widget_type=\"divider.default\">\n\t\t\t\t\t\t\t<div class=\"elementor-divider\">\n\t\t\t<span class=\"elementor-divider-separator\">\n\t\t\t\t\t\t<\/span>\n\t\t<\/div>\n\t\t\t\t\t\t<\/div>\n\t\t\t\t<div class=\"elementor-element elementor-element-08a34a8 elementor-widget elementor-widget-heading\" data-id=\"08a34a8\" data-element_type=\"widget\" data-widget_type=\"heading.default\">\n\t\t\t\t\t<h3 class=\"elementor-heading-title elementor-size-default\">TRANSPARENT MANAGEMENT \u2013<br>\nOPERATIONAL DISCIPLINE<\/h3>\t\t\t\t<\/div>\n\t\t\t\t<div class=\"elementor-element elementor-element-9dcb8ac elementor-widget elementor-widget-text-editor\" data-id=\"9dcb8ac\" data-element_type=\"widget\" data-widget_type=\"text-editor.default\">\n\t\t\t\t\t\t\t\t\t<p>All our decisions are supported by data, independent analysis, and clear evaluation criteria, aiming to maintain a stable foundation for sustainable development.<\/p>\t\t\t\t\t\t\t\t<\/div>\n\t\t\t\t<\/div>\n\t\t<div class=\"elementor-element elementor-element-5064878 e-con-full e-flex e-con e-child\" data-id=\"5064878\" data-element_type=\"container\">\n\t\t\t\t<div class=\"elementor-element elementor-element-d1d4b63 elementor-widget__width-auto e-transform elementor-widget elementor-widget-heading\" data-id=\"d1d4b63\" data-element_type=\"widget\" data-settings=\"{&quot;_transform_rotateZ_effect&quot;:{&quot;unit&quot;:&quot;px&quot;,&quot;size&quot;:90,&quot;sizes&quot;:[]},&quot;_transform_rotateZ_effect_mobile&quot;:{&quot;unit&quot;:&quot;deg&quot;,&quot;size&quot;:0,&quot;sizes&quot;:[]},&quot;_transform_rotateZ_effect_tablet&quot;:{&quot;unit&quot;:&quot;deg&quot;,&quot;size&quot;:&quot;&quot;,&quot;sizes&quot;:[]}}\" data-widget_type=\"heading.default\">\n\t\t\t\t\t<div class=\"elementor-heading-title elementor-size-default\">02<\/div>\t\t\t\t<\/div>\n\t\t\t\t<\/div>\n\t\t\t\t<\/div>\n\t\t<div class=\"elementor-element elementor-element-b261fd1 e-con-full e-flex e-con e-child\" data-id=\"b261fd1\" data-element_type=\"container\">\n\t\t<div class=\"elementor-element elementor-element-7eea264 e-con-full animated-fast e-flex elementor-invisible e-con e-child\" data-id=\"7eea264\" data-element_type=\"container\" data-settings=\"{&quot;animation&quot;:&quot;fadeInLeft&quot;,&quot;animation_mobile&quot;:&quot;fadeInRight&quot;,&quot;animation_delay&quot;:400}\">\n\t\t\t\t<div class=\"elementor-element elementor-element-7011997 elementor-widget-divider--view-line elementor-widget elementor-widget-divider\" data-id=\"7011997\" data-element_type=\"widget\" data-widget_type=\"divider.default\">\n\t\t\t\t\t\t\t<div class=\"elementor-divider\">\n\t\t\t<span class=\"elementor-divider-separator\">\n\t\t\t\t\t\t<\/span>\n\t\t<\/div>\n\t\t\t\t\t\t<\/div>\n\t\t\t\t<div class=\"elementor-element elementor-element-f8c8ede elementor-widget elementor-widget-heading\" data-id=\"f8c8ede\" data-element_type=\"widget\" data-widget_type=\"heading.default\">\n\t\t\t\t\t<h3 class=\"elementor-heading-title elementor-size-default\">Selective collaboration \u2013<br> Reliable partner<\/h3>\t\t\t\t<\/div>\n\t\t\t\t<div class=\"elementor-element elementor-element-2d602d4 elementor-widget elementor-widget-text-editor\" data-id=\"2d602d4\" data-element_type=\"widget\" data-widget_type=\"text-editor.default\">\n\t\t\t\t\t\t\t\t\t<p>We value partnerships based on transparency, respect, and shared values, aiming to leverage strengths and achieve sustainable, long-term results.<\/p>\t\t\t\t\t\t\t\t<\/div>\n\t\t\t\t<\/div>\n\t\t<div class=\"elementor-element elementor-element-216039e e-con-full e-flex e-con e-child\" data-id=\"216039e\" data-element_type=\"container\">\n\t\t\t\t<div class=\"elementor-element elementor-element-9f09f12 elementor-widget__width-auto e-transform elementor-widget elementor-widget-heading\" data-id=\"9f09f12\" data-element_type=\"widget\" data-settings=\"{&quot;_transform_rotateZ_effect&quot;:{&quot;unit&quot;:&quot;px&quot;,&quot;size&quot;:90,&quot;sizes&quot;:[]},&quot;_transform_rotateZ_effect_mobile&quot;:{&quot;unit&quot;:&quot;deg&quot;,&quot;size&quot;:0,&quot;sizes&quot;:[]},&quot;_transform_rotateZ_effect_tablet&quot;:{&quot;unit&quot;:&quot;deg&quot;,&quot;size&quot;:&quot;&quot;,&quot;sizes&quot;:[]}}\" data-widget_type=\"heading.default\">\n\t\t\t\t\t<div class=\"elementor-heading-title elementor-size-default\">03<\/div>\t\t\t\t<\/div>\n\t\t\t\t<\/div>\n\t\t\t\t<\/div>\n\t\t\t\t<\/div>\n\t\t\t\t<\/div>\n\t\t\t\t\t<\/div>\n\t\t\t\t<\/div>\n\t\t\t\t<\/div>","protected":false},"excerpt":{"rendered":"<p>ASG Investments Ch\u00fang t\u00f4i l\u00e0 c\u00f4ng ty \u0111\u1ea7u t\u01b0, v\u1edbi s\u1ee9 m\u1ec7nh t\u00ecm ki\u00ea\u0301m, ph\u00e1t tri\u1ec3n v\u00e0 \u0111\u00f4\u0300ng h\u00e0nh c\u00f9ng c\u00e1c c\u01a1 h\u1ed9i n\u1ed5i b\u1eadt trong ba l\u0129nh v\u1ef1c: b\u1ea5t \u0111\u1ed9ng s\u1ea3n th\u01b0\u01a1ng m\u1ea1i, \u0111\u1ea7u t\u01b0 t\u00e0i ch\u00ednh v\u00e0 c\u00f4ng ngh\u1ec7. D\u1ef1a tr\u00ean hi\u1ec3u bi\u00ea\u0301t s\u00e2u s\u0103\u0301c v\u00ea\u0300 th\u1ecb tr\u01b0\u1eddng Vi\u1ec7t Nam, c\u00f9ng m\u1ea1ng l\u01b0\u1edbi [&hellip;]<\/p>","protected":false},"author":1,"featured_media":1272,"parent":0,"menu_order":0,"comment_status":"closed","ping_status":"closed","template":"elementor_header_footer","meta":{"footnotes":""},"class_list":["post-15","page","type-page","status-publish","has-post-thumbnail","hentry"],"blocksy_meta":[],"yoast_head":"<!-- This site is optimized with the Yoast SEO Premium plugin v20.9 (Yoast SEO v20.9) - https:\/\/yoast.com\/wordpress\/plugins\/seo\/ -->\n<title>V\u1ec1 ch\u00fang t\u00f4i - ASG Investments<\/title>\n<meta name=\"robots\" content=\"index, follow, max-snippet:-1, max-image-preview:large, max-video-preview:-1\" \/>\n<link rel=\"canonical\" href=\"https:\/\/asgvn.com.vn\/en\/ve-chung-toi\/\" \/>\n<meta property=\"og:locale\" content=\"en_US\" \/>\n<meta property=\"og:type\" content=\"article\" \/>\n<meta property=\"og:title\" content=\"V\u1ec1 ch\u00fang t\u00f4i - ASG Investments\" \/>\n<meta property=\"og:description\" content=\"ASG Investments l\u00e0 c\u00f4ng ty \u0111\u1ea7u t\u01b0 chi\u1ebfn l\u01b0\u1ee3c trong b\u1ea5t \u0111\u1ed9ng s\u1ea3n, t\u00e0i ch\u00ednh v\u00e0 c\u00f4ng ngh\u1ec7, t\u1eadp trung t\u1ea1o d\u1ef1ng gi\u00e1 tr\u1ecb b\u1ec1n v\u1eefng v\u00e0 t\u0103ng tr\u01b0\u1edfng d\u00e0i h\u1ea1n t\u1ea1i Vi\u1ec7t Nam.\" \/>\n<meta property=\"og:url\" content=\"https:\/\/asgvn.com.vn\/en\/ve-chung-toi\/\" \/>\n<meta property=\"og:site_name\" content=\"ASG Investments\" \/>\n<meta property=\"article:modified_time\" content=\"2026-01-07T04:52:53+00:00\" \/>\n<meta property=\"og:image\" content=\"https:\/\/asgvn.com.vn\/wp-content\/uploads\/2025\/12\/thumbnail.png\" \/>\n\t<meta property=\"og:image:width\" content=\"1000\" \/>\n\t<meta property=\"og:image:height\" content=\"600\" \/>\n\t<meta property=\"og:image:type\" content=\"image\/png\" \/>\n<meta name=\"twitter:card\" content=\"summary_large_image\" \/>\n<meta name=\"twitter:title\" content=\"V\u1ec1 ch\u00fang t\u00f4i\" \/>\n<meta name=\"twitter:label1\" content=\"Est. reading time\" \/>\n\t<meta name=\"twitter:data1\" content=\"3 minutes\" \/>\n<script type=\"application\/ld+json\" class=\"yoast-schema-graph\">{\"@context\":\"https:\/\/schema.org\",\"@graph\":[{\"@type\":\"WebPage\",\"@id\":\"https:\/\/asgvn.com.vn\/ve-chung-toi\/\",\"url\":\"https:\/\/asgvn.com.vn\/ve-chung-toi\/\",\"name\":\"V\u1ec1 ch\u00fang t\u00f4i - ASG Investments\",\"isPartOf\":{\"@id\":\"https:\/\/asgvn.com.vn\/#website\"},\"datePublished\":\"2025-12-16T02:06:33+00:00\",\"dateModified\":\"2026-01-07T04:52:53+00:00\",\"breadcrumb\":{\"@id\":\"https:\/\/asgvn.com.vn\/ve-chung-toi\/#breadcrumb\"},\"inLanguage\":\"en-US\",\"potentialAction\":[{\"@type\":\"ReadAction\",\"target\":[\"https:\/\/asgvn.com.vn\/ve-chung-toi\/\"]}]},{\"@type\":\"BreadcrumbList\",\"@id\":\"https:\/\/asgvn.com.vn\/ve-chung-toi\/#breadcrumb\",\"itemListElement\":[{\"@type\":\"ListItem\",\"position\":1,\"name\":\"Home\",\"item\":\"https:\/\/asgvn.com.vn\/\"},{\"@type\":\"ListItem\",\"position\":2,\"name\":\"V\u1ec1 ch\u00fang t\u00f4i\"}]},{\"@type\":\"WebSite\",\"@id\":\"https:\/\/asgvn.com.vn\/#website\",\"url\":\"https:\/\/asgvn.com.vn\/\",\"name\":\"ASG Investments\",\"description\":\"\",\"publisher\":{\"@id\":\"https:\/\/asgvn.com.vn\/#organization\"},\"potentialAction\":[{\"@type\":\"SearchAction\",\"target\":{\"@type\":\"EntryPoint\",\"urlTemplate\":\"https:\/\/asgvn.com.vn\/?s={search_term_string}\"},\"query-input\":\"required name=search_term_string\"}],\"inLanguage\":\"en-US\"},{\"@type\":\"Organization\",\"@id\":\"https:\/\/asgvn.com.vn\/#organization\",\"name\":\"ASG Investments\",\"url\":\"https:\/\/asgvn.com.vn\/\",\"logo\":{\"@type\":\"ImageObject\",\"inLanguage\":\"en-US\",\"@id\":\"https:\/\/asgvn.com.vn\/#\/schema\/logo\/image\/\",\"url\":\"https:\/\/asgvn.com.vn\/wp-content\/uploads\/2025\/12\/logo.png\",\"contentUrl\":\"https:\/\/asgvn.com.vn\/wp-content\/uploads\/2025\/12\/logo.png\",\"width\":1920,\"height\":1085,\"caption\":\"ASG Investments\"},\"image\":{\"@id\":\"https:\/\/asgvn.com.vn\/#\/schema\/logo\/image\/\"}}]}<\/script>\n<!-- \/ Yoast SEO Premium plugin. -->","yoast_head_json":{"title":"V\u1ec1 ch\u00fang t\u00f4i - ASG Investments","robots":{"index":"index","follow":"follow","max-snippet":"max-snippet:-1","max-image-preview":"max-image-preview:large","max-video-preview":"max-video-preview:-1"},"canonical":"https:\/\/asgvn.com.vn\/en\/ve-chung-toi\/","og_locale":"en_US","og_type":"article","og_title":"V\u1ec1 ch\u00fang t\u00f4i - ASG Investments","og_description":"ASG Investments l\u00e0 c\u00f4ng ty \u0111\u1ea7u t\u01b0 chi\u1ebfn l\u01b0\u1ee3c trong b\u1ea5t \u0111\u1ed9ng s\u1ea3n, t\u00e0i ch\u00ednh v\u00e0 c\u00f4ng ngh\u1ec7, t\u1eadp trung t\u1ea1o d\u1ef1ng gi\u00e1 tr\u1ecb b\u1ec1n v\u1eefng v\u00e0 t\u0103ng tr\u01b0\u1edfng d\u00e0i h\u1ea1n t\u1ea1i Vi\u1ec7t Nam.","og_url":"https:\/\/asgvn.com.vn\/en\/ve-chung-toi\/","og_site_name":"ASG Investments","article_modified_time":"2026-01-07T04:52:53+00:00","og_image":[{"width":1000,"height":600,"url":"https:\/\/asgvn.com.vn\/wp-content\/uploads\/2025\/12\/thumbnail.png","type":"image\/png"}],"twitter_card":"summary_large_image","twitter_title":"V\u1ec1 ch\u00fang t\u00f4i","twitter_misc":{"Est. reading time":"3 minutes"},"schema":{"@context":"https:\/\/schema.org","@graph":[{"@type":"WebPage","@id":"https:\/\/asgvn.com.vn\/ve-chung-toi\/","url":"https:\/\/asgvn.com.vn\/ve-chung-toi\/","name":"V\u1ec1 ch\u00fang t\u00f4i - ASG Investments","isPartOf":{"@id":"https:\/\/asgvn.com.vn\/#website"},"datePublished":"2025-12-16T02:06:33+00:00","dateModified":"2026-01-07T04:52:53+00:00","breadcrumb":{"@id":"https:\/\/asgvn.com.vn\/ve-chung-toi\/#breadcrumb"},"inLanguage":"en-US","potentialAction":[{"@type":"ReadAction","target":["https:\/\/asgvn.com.vn\/ve-chung-toi\/"]}]},{"@type":"BreadcrumbList","@id":"https:\/\/asgvn.com.vn\/ve-chung-toi\/#breadcrumb","itemListElement":[{"@type":"ListItem","position":1,"name":"Home","item":"https:\/\/asgvn.com.vn\/"},{"@type":"ListItem","position":2,"name":"V\u1ec1 ch\u00fang t\u00f4i"}]},{"@type":"WebSite","@id":"https:\/\/asgvn.com.vn\/#website","url":"https:\/\/asgvn.com.vn\/","name":"ASG Investments","description":"","publisher":{"@id":"https:\/\/asgvn.com.vn\/#organization"},"potentialAction":[{"@type":"SearchAction","target":{"@type":"EntryPoint","urlTemplate":"https:\/\/asgvn.com.vn\/?s={search_term_string}"},"query-input":"required name=search_term_string"}],"inLanguage":"en-US"},{"@type":"Organization","@id":"https:\/\/asgvn.com.vn\/#organization","name":"ASG Investments","url":"https:\/\/asgvn.com.vn\/","logo":{"@type":"ImageObject","inLanguage":"en-US","@id":"https:\/\/asgvn.com.vn\/#\/schema\/logo\/image\/","url":"https:\/\/asgvn.com.vn\/wp-content\/uploads\/2025\/12\/logo.png","contentUrl":"https:\/\/asgvn.com.vn\/wp-content\/uploads\/2025\/12\/logo.png","width":1920,"height":1085,"caption":"ASG Investments"},"image":{"@id":"https:\/\/asgvn.com.vn\/#\/schema\/logo\/image\/"}}]}},"_links":{"self":[{"href":"https:\/\/asgvn.com.vn\/en\/wp-json\/wp\/v2\/pages\/15","targetHints":{"allow":["GET"]}}],"collection":[{"href":"https:\/\/asgvn.com.vn\/en\/wp-json\/wp\/v2\/pages"}],"about":[{"href":"https:\/\/asgvn.com.vn\/en\/wp-json\/wp\/v2\/types\/page"}],"author":[{"embeddable":true,"href":"https:\/\/asgvn.com.vn\/en\/wp-json\/wp\/v2\/users\/1"}],"replies":[{"embeddable":true,"href":"https:\/\/asgvn.com.vn\/en\/wp-json\/wp\/v2\/comments?post=15"}],"version-history":[{"count":37,"href":"https:\/\/asgvn.com.vn\/en\/wp-json\/wp\/v2\/pages\/15\/revisions"}],"predecessor-version":[{"id":1530,"href":"https:\/\/asgvn.com.vn\/en\/wp-json\/wp\/v2\/pages\/15\/revisions\/1530"}],"wp:featuredmedia":[{"embeddable":true,"href":"https:\/\/asgvn.com.vn\/en\/wp-json\/wp\/v2\/media\/1272"}],"wp:attachment":[{"href":"https:\/\/asgvn.com.vn\/en\/wp-json\/wp\/v2\/media?parent=15"}],"curies":[{"name":"wp","href":"https:\/\/api.w.org\/{rel}","templated":true}]}}